{"id":9,"date":"2025-02-25T23:13:29","date_gmt":"2025-02-25T23:13:29","guid":{"rendered":"https:\/\/tunasaruras.com\/?page_id=9"},"modified":"2025-03-22T19:16:56","modified_gmt":"2025-03-22T19:16:56","slug":"about","status":"publish","type":"page","link":"https:\/\/tunasaruras.com\/?page_id=9","title":{"rendered":"About"},"content":{"rendered":"\n<p><\/p>\n\n\n\n<p>1994\u2019\u00fcn bir so\u011fuk \u015eubat gecesi kaybettik O\u2019nu.<br>Onu \u00f6zlemedi\u011fimiz, \u2018iyi ki babam\u0131zd\u0131\u2019 demedi\u011fimiz bir g\u00fcn bile olmad\u0131. Duru\u015funu, sakinli\u011fini, g\u00fcl\u00fc\u015f\u00fcn\u00fc kalplerimize alarak hayata devam ettik.<br>O hep yazmak isterdi. Notlar al\u0131r, yazaca\u011f\u0131 kitaplara ve \u015fiirlere malzeme toplard\u0131. Hele bir ko\u015fturmalar\u0131 bitsin, kitaplar\u0131 ve yaz\u0131lar\u0131 ile ba\u015f ba\u015fa kalaca\u011f\u0131 y\u0131llar\u0131 beklerdi. Kalbi ko\u015fturmalar\u0131ndan erken pes etti maalesef.<br>60&#8217;l\u0131 y\u0131llardan kalan, \u00f6zenle daktiloya \u00e7ekti\u011fi \u015fiirleri var bizde \u015fimdi. Anneme olan a\u015fk\u0131 ile, hayat\u0131n zorluklar\u0131 aras\u0131nda s\u0131k\u0131\u015f\u0131p kalan m\u0131sralar. Fotograflar var, gencecik ve siyah beyaz. Bizlerle beraber foto\u011fraflar var g\u00fcl\u00fcmseten ve bizi o anlara geri g\u00f6t\u00fcren. Hayat\u0131n\u0131n a\u015fk\u0131 annemizle olan foto\u011fraflar\u0131 var.<br>\u015eimdi hepsini birle\u015ftirece\u011fimiz ve \u00f6zellikle onu hi\u00e7 tan\u0131mayan torunlar\u0131 Jasmine, Leila ve Tuna da dahil olmak \u00fczere herkesi onunla tan\u0131\u015ft\u0131racak bir projeye ba\u015fl\u0131yoruz. Internet sitesi, Youtube kanal\u0131 ve bir hat\u0131ra kitab\u0131 olarak ger\u00e7ekle\u015ftirece\u011fimiz bu projenin ba\u015flang\u0131c\u0131n\u0131 da onun do\u011fum g\u00fcn\u00fcnde yap\u0131yoruz.<\/p>\n\n\n\n<p>Onu tan\u0131yan, yollar\u0131 kesi\u015fmi\u015f olan, elinde fotograf veya bir an\u0131 olan varsa, bu kitaba, youtube kanal\u0131na ve web sitesine eklemek isteriz.<\/p>\n\n\n\n<p>Bizim zihnimizdeki resimleri ve an\u0131lar\u0131 hala rengarenk, bize \u00f6\u011frettikleri hala capcanl\u0131.<\/p>\n\n\n\n<p><\/p>\n","protected":false},"excerpt":{"rendered":"<p>1994\u2019\u00fcn bir so\u011fuk \u015eubat gecesi kaybettik O\u2019nu.Onu \u00f6zlemedi\u011fimiz, \u2018iyi ki babam\u0131zd\u0131\u2019 demedi\u011fimiz bir g\u00fcn bile olmad\u0131. Duru\u015funu, sakinli\u011fini, g\u00fcl\u00fc\u015f\u00fcn\u00fc kalplerimize [&hellip;]<\/p>\n","protected":false},"author":1,"featured_media":0,"parent":0,"menu_order":0,"comment_status":"closed","ping_status":"closed","template":"","meta":{"site-sidebar-layout":"default","site-content-layout":"","ast-site-content-layout":"","site-content-style":"default","site-sidebar-style":"default","ast-global-header-display":"","ast-banner-title-visibility":"","ast-main-header-display":"","ast-hfb-above-header-display":"","ast-hfb-below-header-display":"","ast-hfb-mobile-header-display":"","site-post-title":"","ast-breadcrumbs-content":"","ast-featured-img":"","footer-sml-layout":"","theme-transparent-header-meta":"","adv-header-id-meta":"","stick-header-meta":"","header-above-stick-meta":"","header-main-stick-meta":"","header-below-stick-meta":"","astra-migrate-meta-layouts":"default","ast-page-background-enabled":"default","ast-page-background-meta":{"desktop":{"background-color":"var(--ast-global-color-5)","background-image":"","background-repeat":"repeat","background-position":"center center","background-size":"auto","background-attachment":"scroll","background-type":"","background-media":"","overlay-type":"","overlay-color":"","overlay-opacity":"","overlay-gradient":""},"tablet":{"background-color":"","background-image":"","background-repeat":"repeat","background-position":"center center","background-size":"auto","background-attachment":"scroll","background-type":"","background-media":"","overlay-type":"","overlay-color":"","overlay-opacity":"","overlay-gradient":""},"mobile":{"background-color":"","background-image":"","background-repeat":"repeat","background-position":"center center","background-size":"auto","background-attachment":"scroll","background-type":"","background-media":"","overlay-type":"","overlay-color":"","overlay-opacity":"","overlay-gradient":""}},"ast-content-background-meta":{"desktop":{"background-color":"var(--ast-global-color-4)","background-image":"","background-repeat":"repeat","background-position":"center center","background-size":"auto","background-attachment":"scroll","background-type":"","background-media":"","overlay-type":"","overlay-color":"","overlay-opacity":"","overlay-gradient":""},"tablet":{"background-color":"var(--ast-global-color-4)","background-image":"","background-repeat":"repeat","background-position":"center center","background-size":"auto","background-attachment":"scroll","background-type":"","background-media":"","overlay-type":"","overlay-color":"","overlay-opacity":"","overlay-gradient":""},"mobile":{"background-color":"var(--ast-global-color-4)","background-image":"","background-repeat":"repeat","background-position":"center center","background-size":"auto","background-attachment":"scroll","background-type":"","background-media":"","overlay-type":"","overlay-color":"","overlay-opacity":"","overlay-gradient":""}},"footnotes":""},"class_list":["post-9","page","type-page","status-publish","hentry"],"_links":{"self":[{"href":"https:\/\/tunasaruras.com\/index.php?rest_route=\/wp\/v2\/pages\/9","targetHints":{"allow":["GET"]}}],"collection":[{"href":"https:\/\/tunasaruras.com\/index.php?rest_route=\/wp\/v2\/pages"}],"about":[{"href":"https:\/\/tunasaruras.com\/index.php?rest_route=\/wp\/v2\/types\/page"}],"author":[{"embeddable":true,"href":"https:\/\/tunasaruras.com\/index.php?rest_route=\/wp\/v2\/users\/1"}],"replies":[{"embeddable":true,"href":"https:\/\/tunasaruras.com\/index.php?rest_route=%2Fwp%2Fv2%2Fcomments&post=9"}],"version-history":[{"count":2,"href":"https:\/\/tunasaruras.com\/index.php?rest_route=\/wp\/v2\/pages\/9\/revisions"}],"predecessor-version":[{"id":86,"href":"https:\/\/tunasaruras.com\/index.php?rest_route=\/wp\/v2\/pages\/9\/revisions\/86"}],"wp:attachment":[{"href":"https:\/\/tunasaruras.com\/index.php?rest_route=%2Fwp%2Fv2%2Fmedia&parent=9"}],"curies":[{"name":"wp","href":"https:\/\/api.w.org\/{rel}","templated":true}]}}